{"id":3624,"date":"2025-08-11T10:20:33","date_gmt":"2025-08-11T08:20:33","guid":{"rendered":"https:\/\/casal.sjdigitaldemo.ovh\/politica-de-privacidad\/"},"modified":"2025-12-12T11:49:23","modified_gmt":"2025-12-12T10:49:23","slug":"politica-de-privacidad","status":"publish","type":"page","link":"https:\/\/casal.sjdigitaldemo.ovh\/es\/politica-de-privacidad\/","title":{"rendered":"Pol\u00edtica de privacidad"},"content":{"rendered":"<p>[et_pb_section fb_built=\u00bb1&#8243; _builder_version=\u00bb4.27.4&#8243; _module_preset=\u00bbdefault\u00bb global_colors_info=\u00bb{}\u00bb theme_builder_area=\u00bbpost_content\u00bb][et_pb_row _builder_version=\u00bb4.27.4&#8243; _module_preset=\u00bbdefault\u00bb global_colors_info=\u00bb{}\u00bb theme_builder_area=\u00bbpost_content\u00bb][et_pb_column type=\u00bb4_4&#8243; _builder_version=\u00bb4.27.4&#8243; _module_preset=\u00bbdefault\u00bb global_colors_info=\u00bb{}\u00bb theme_builder_area=\u00bbpost_content\u00bb][et_pb_text _builder_version=\u00bb4.27.4&#8243; _module_preset=\u00bbdefault\u00bb hover_enabled=\u00bb0&#8243; global_colors_info=\u00bb{}\u00bb theme_builder_area=\u00bbpost_content\u00bb sticky_enabled=\u00bb0&#8243;]<\/p>\n<p><span style=\"font-weight: 400;\">Pol\u00edtica de privacidad<\/span><\/p>\n<p><span style=\"font-weight: 400;\">En cumplimiento con lo que dispone la Ley Org\u00e1nica 3\/2018 de 5 de diciembre (LOPDGDD) y el REGLAMENTO (UE) 2016\/679 DEL PARLAMENTO EUROPEO Y DEL CONSEJO, de 27 de abril de 2016, (RGPD), le informamos que incorporaron sus datos personales con su consentimiento solicitud.<\/span><span style=\"font-weight: 400;\"><br \/><\/span><span style=\"font-weight: 400;\">Adem\u00e1s le informamos:<\/span><\/p>\n<h3><span style=\"font-weight: 400;\">\u00bfQui\u00e9n es el responsable del tratamiento de tus datos personales?<\/span><\/h3>\n<p><span style=\"font-weight: 400;\">El responsable es Casal Loiola Fundaci\u00f3n Privada P. Mart\u00ed i Tusquets, siendo en adelante<\/span> <b>Casal Loiola<\/b> <span style=\"font-weight: 400;\">situado en la calle Balmes, 138 de Barcelona.<\/span><\/p>\n<h3><span style=\"font-weight: 400;\">\u00bfQui\u00e9n es y qu\u00e9 hace el Delegado o Delegada de Protecci\u00f3n de Datos?<\/span><\/h3>\n<p><span style=\"font-weight: 400;\">Es el responsable de velar con diligencia por el cumplimiento de la normativa de protecci\u00f3n de datos de car\u00e1cter personal; puedes contactar en la direcci\u00f3n electr\u00f3nica<\/span> <i><span style=\"font-weight: 400;\">coordinacio@casalloiola.org<\/span><\/i><\/p>\n<h3><span style=\"font-weight: 400;\">\u00bfPor qu\u00e9 disponemos de tus datos de car\u00e1cter personal?<\/span><\/h3>\n<p><span style=\"font-weight: 400;\">Hemos obtenido tus datos de car\u00e1cter personal a trav\u00e9s de la cesi\u00f3n voluntaria realizada a trav\u00e9s de una o m\u00e1s de las siguientes opciones:<\/span><\/p>\n<ul>\n<li style=\"font-weight: 400;\" aria-level=\"1\"><span style=\"font-weight: 400;\">Formulario de cesi\u00f3n de datos a nivel de colaboraci\u00f3n econ\u00f3mica (aportaciones y donaciones)<\/span><\/li>\n<li style=\"font-weight: 400;\" aria-level=\"1\"><span style=\"font-weight: 400;\">Formulario cesion de datos por la base de datos de la<\/span> <i><span style=\"font-weight: 400;\">Comunidad Casal Loiola<\/span><\/i><\/li>\n<li style=\"font-weight: 400;\" aria-level=\"1\"><span style=\"font-weight: 400;\">Suscripci\u00f3n al bolet\u00edn informativo.<\/span><\/li>\n<\/ul>\n<p><span style=\"font-weight: 400;\">En funci\u00f3n de la opci\u00f3n que hayas escogido trataremos unos u otros datos de car\u00e1cter personal para poder llevar a cabo la gesti\u00f3n que se requiere.<\/span><\/p>\n<h3><span style=\"font-weight: 400;\">\u00bfQu\u00e9 datos personales tratamos?<\/span><\/h3>\n<p><span style=\"font-weight: 400;\">El Casal Loiola s\u00f3lo trata tus datos de car\u00e1cter personal si eres mayor de edad, en caso de ser menor de edad necesitamos la autorizaci\u00f3n del padre, madre o representante legal. Los datos que tratamos para las finalidades leg\u00edtimas, que posteriormente te explicamos, son: <\/span><\/p>\n<p><i><span style=\"font-weight: 400;\">Nombre<\/span><\/i><\/p>\n<p><i><span style=\"font-weight: 400;\">Apellidos<\/span><\/i><\/p>\n<p><i><span style=\"font-weight: 400;\">N\u00famero de cuenta<\/span><\/i><\/p>\n<p><i><span style=\"font-weight: 400;\">Fecha de nacimiento<\/span><\/i><\/p>\n<p><i><span style=\"font-weight: 400;\">Correo electr\u00f3nico<\/span><\/i><\/p>\n<p><i><span style=\"font-weight: 400;\">Tel\u00e9fono<\/span><\/i><\/p>\n<p><i><span style=\"font-weight: 400;\">Direcci\u00f3n postal<\/span><\/i><\/p>\n<p><i><span style=\"font-weight: 400;\">NIF  <\/span><\/i><\/p>\n<h3><span style=\"font-weight: 400;\">\u00bfCon qu\u00e9 objetivo tratamos tus datos personales?<\/span><\/h3>\n<p><span style=\"font-weight: 400;\">Para gestionar tus aportaciones o donativos en caso de que lo hagas; enviar informaci\u00f3n sobre los eventos que hacemos en el Casal Loiola, si as\u00ed nos lo indicas, v\u00eda correo electr\u00f3nico, as\u00ed como informar de las actividades, talleres y seminarios del Casal Loiola personalizando tu relaci\u00f3n con nosotros y nuestros grupos y comunidades. Si te opones a recibir este tipo de comunicaciones, ahora o en cualquier otro momento, puedes enviar un correo electr\u00f3nico a la direcci\u00f3n del Delegado de Protecci\u00f3n de Datos<\/span> <i><span style=\"font-weight: 400;\">coordinacio@casalloiola.org<\/span><\/i> <span style=\"font-weight: 400;\">.<\/span><\/p>\n<h3><span style=\"font-weight: 400;\">\u00bfPor qu\u00e9 podemos tratar tus datos personales?<\/span><\/h3>\n<p><span style=\"font-weight: 400;\">El tratamiento de tus datos personales tanto por la gesti\u00f3n de las aportaciones y donativos como para el env\u00edo de informaci\u00f3n promocional sobre actividades y eventos del Casal Loiola responde a un inter\u00e9s leg\u00edtimo de nuestra entidad y est\u00e1 autorizado por la normativa vigente.<\/span><\/p>\n<h3><span style=\"font-weight: 400;\">\u00bfCu\u00e1ndo y por qu\u00e9 podemos facilitar tus datos a terceras personas?<\/span><\/h3>\n<p><span style=\"font-weight: 400;\">Tus datos podr\u00e1n ser cedidos a los siguientes destinatarios con los motivos que se consignan:<\/span><\/p>\n<p><i><span style=\"font-weight: 400;\">Administraciones P\u00fablicas: por el cumplimiento de las obligaciones legales a las que el Casal Loiola est\u00e1 sujeta por su actividad. Aquellas cesiones a terceros que sean necesarias para el cumplimiento de las obligaciones derivadas de actividades en las que t\u00fa voluntariamente participes. En ning\u00fan caso, en este \u00faltimo supuesto, las de car\u00e1cter econ\u00f3mico a menos que nos lo indiques expresamente.  <\/span><\/i><\/p>\n<h3><span style=\"font-weight: 400;\">\u00bfCu\u00e1nto tiempo guardaremos tus datos?<\/span><\/h3>\n<p><span style=\"font-weight: 400;\">Los datos personales se conservar\u00e1n mientras se mantenga la relaci\u00f3n con el Casal Loiola y, despu\u00e9s de finalizada la relaci\u00f3n si no se especifica lo contrario.<\/span><\/p>\n<h3><span style=\"font-weight: 400;\">\u00bfCu\u00e1les son tus derechos?<\/span><\/h3>\n<p><span style=\"font-weight: 400;\">Puedes ejercitar el derecho de acceso, rectificaci\u00f3n, cancelaci\u00f3n y portabilidad de tus datos y la limitaci\u00f3n u oposici\u00f3n a su tratamiento, a trav\u00e9s del correo electr\u00f3nico<\/span> <i><span style=\"font-weight: 400;\">coordinacio@casalloiola.org<\/span><\/i> <span style=\"font-weight: 400;\">.<\/span> <span style=\"font-weight: 400;\">Si consideras que el tratamiento de tus datos personales vulnera la normativa o derechos de privacidad, puedes presentar una reclamaci\u00f3n ante la autoridad de control<\/span> <a href=\"http:\/\/www.aepd.es\/\"><i><span style=\"font-weight: 400;\">www.aepd.es<\/span><\/i><\/a><\/p>\n<p>[\/et_pb_text][\/et_pb_column][\/et_pb_row][\/et_pb_section]<\/p>\n","protected":false},"excerpt":{"rendered":"<p>Pol\u00edtica de privacidad En cumplimiento con lo que dispone la Ley Org\u00e1nica 3\/2018 de 5 de diciembre (LOPDGDD) y el REGLAMENTO (UE) 2016\/679 DEL PARLAMENTO EUROPEO Y DEL CONSEJO, de 27 de abril de 2016, (RGPD), le informamos que incorporaron sus datos personales con su consentimiento solicitud.Adem\u00e1s le informamos: \u00bfQui\u00e9n es el responsable del tratamiento [&hellip;]<\/p>\n","protected":false},"author":1,"featured_media":0,"parent":0,"menu_order":0,"comment_status":"closed","ping_status":"closed","template":"","meta":{"_acf_changed":false,"_et_pb_use_builder":"on","_et_pb_old_content":"","_et_gb_content_width":"","footnotes":""},"class_list":["post-3624","page","type-page","status-publish","hentry"],"acf":[],"yoast_head":"<!-- This site is optimized with the Yoast SEO plugin v27.4 - https:\/\/yoast.com\/product\/yoast-seo-wordpress\/ -->\n<title>Pol\u00edtica de privacidad - Casal Loiola<\/title>\n<meta name=\"robots\" content=\"noindex, follow, max-snippet:-1, max-image-preview:large, max-video-preview:-1\" \/>\n<meta property=\"og:locale\" content=\"es_ES\" \/>\n<meta property=\"og:type\" content=\"article\" \/>\n<meta property=\"og:title\" content=\"Pol\u00edtica de privacidad - Casal Loiola\" \/>\n<meta property=\"og:description\" content=\"Pol\u00edtica de privacidad En cumplimiento con lo que dispone la Ley Org\u00e1nica 3\/2018 de 5 de diciembre (LOPDGDD) y el REGLAMENTO (UE) 2016\/679 DEL PARLAMENTO EUROPEO Y DEL CONSEJO, de 27 de abril de 2016, (RGPD), le informamos que incorporaron sus datos personales con su consentimiento solicitud.Adem\u00e1s le informamos: \u00bfQui\u00e9n es el responsable del tratamiento [&hellip;]\" \/>\n<meta property=\"og:url\" content=\"https:\/\/casal.sjdigitaldemo.ovh\/es\/politica-de-privacidad\/\" \/>\n<meta property=\"og:site_name\" content=\"Casal Loiola\" \/>\n<meta property=\"article:modified_time\" content=\"2025-12-12T10:49:23+00:00\" \/>\n<meta name=\"twitter:card\" content=\"summary_large_image\" \/>\n<meta name=\"twitter:label1\" content=\"Tiempo de lectura\" \/>\n\t<meta name=\"twitter:data1\" content=\"4 minutos\" \/>\n<script type=\"application\/ld+json\" class=\"yoast-schema-graph\">{\"@context\":\"https:\\\/\\\/schema.org\",\"@graph\":[{\"@type\":\"WebPage\",\"@id\":\"https:\\\/\\\/casal.sjdigitaldemo.ovh\\\/es\\\/politica-de-privacidad\\\/\",\"url\":\"https:\\\/\\\/casal.sjdigitaldemo.ovh\\\/es\\\/politica-de-privacidad\\\/\",\"name\":\"Pol\u00edtica de privacidad - Casal Loiola\",\"isPartOf\":{\"@id\":\"https:\\\/\\\/casal.sjdigitaldemo.ovh\\\/es\\\/#website\"},\"datePublished\":\"2025-08-11T08:20:33+00:00\",\"dateModified\":\"2025-12-12T10:49:23+00:00\",\"breadcrumb\":{\"@id\":\"https:\\\/\\\/casal.sjdigitaldemo.ovh\\\/es\\\/politica-de-privacidad\\\/#breadcrumb\"},\"inLanguage\":\"es\",\"potentialAction\":[{\"@type\":\"ReadAction\",\"target\":[\"https:\\\/\\\/casal.sjdigitaldemo.ovh\\\/es\\\/politica-de-privacidad\\\/\"]}]},{\"@type\":\"BreadcrumbList\",\"@id\":\"https:\\\/\\\/casal.sjdigitaldemo.ovh\\\/es\\\/politica-de-privacidad\\\/#breadcrumb\",\"itemListElement\":[{\"@type\":\"ListItem\",\"position\":1,\"name\":\"Portada\",\"item\":\"https:\\\/\\\/casal.sjdigitaldemo.ovh\\\/es\\\/\"},{\"@type\":\"ListItem\",\"position\":2,\"name\":\"Pol\u00edtica de privacidad\"}]},{\"@type\":\"WebSite\",\"@id\":\"https:\\\/\\\/casal.sjdigitaldemo.ovh\\\/es\\\/#website\",\"url\":\"https:\\\/\\\/casal.sjdigitaldemo.ovh\\\/es\\\/\",\"name\":\"Casal Loiola\",\"description\":\"\",\"potentialAction\":[{\"@type\":\"SearchAction\",\"target\":{\"@type\":\"EntryPoint\",\"urlTemplate\":\"https:\\\/\\\/casal.sjdigitaldemo.ovh\\\/es\\\/?s={search_term_string}\"},\"query-input\":{\"@type\":\"PropertyValueSpecification\",\"valueRequired\":true,\"valueName\":\"search_term_string\"}}],\"inLanguage\":\"es\"}]}<\/script>\n<!-- \/ Yoast SEO plugin. -->","yoast_head_json":{"title":"Pol\u00edtica de privacidad - Casal Loiola","robots":{"index":"noindex","follow":"follow","max-snippet":"max-snippet:-1","max-image-preview":"max-image-preview:large","max-video-preview":"max-video-preview:-1"},"og_locale":"es_ES","og_type":"article","og_title":"Pol\u00edtica de privacidad - Casal Loiola","og_description":"Pol\u00edtica de privacidad En cumplimiento con lo que dispone la Ley Org\u00e1nica 3\/2018 de 5 de diciembre (LOPDGDD) y el REGLAMENTO (UE) 2016\/679 DEL PARLAMENTO EUROPEO Y DEL CONSEJO, de 27 de abril de 2016, (RGPD), le informamos que incorporaron sus datos personales con su consentimiento solicitud.Adem\u00e1s le informamos: \u00bfQui\u00e9n es el responsable del tratamiento [&hellip;]","og_url":"https:\/\/casal.sjdigitaldemo.ovh\/es\/politica-de-privacidad\/","og_site_name":"Casal Loiola","article_modified_time":"2025-12-12T10:49:23+00:00","twitter_card":"summary_large_image","twitter_misc":{"Tiempo de lectura":"4 minutos"},"schema":{"@context":"https:\/\/schema.org","@graph":[{"@type":"WebPage","@id":"https:\/\/casal.sjdigitaldemo.ovh\/es\/politica-de-privacidad\/","url":"https:\/\/casal.sjdigitaldemo.ovh\/es\/politica-de-privacidad\/","name":"Pol\u00edtica de privacidad - Casal Loiola","isPartOf":{"@id":"https:\/\/casal.sjdigitaldemo.ovh\/es\/#website"},"datePublished":"2025-08-11T08:20:33+00:00","dateModified":"2025-12-12T10:49:23+00:00","breadcrumb":{"@id":"https:\/\/casal.sjdigitaldemo.ovh\/es\/politica-de-privacidad\/#breadcrumb"},"inLanguage":"es","potentialAction":[{"@type":"ReadAction","target":["https:\/\/casal.sjdigitaldemo.ovh\/es\/politica-de-privacidad\/"]}]},{"@type":"BreadcrumbList","@id":"https:\/\/casal.sjdigitaldemo.ovh\/es\/politica-de-privacidad\/#breadcrumb","itemListElement":[{"@type":"ListItem","position":1,"name":"Portada","item":"https:\/\/casal.sjdigitaldemo.ovh\/es\/"},{"@type":"ListItem","position":2,"name":"Pol\u00edtica de privacidad"}]},{"@type":"WebSite","@id":"https:\/\/casal.sjdigitaldemo.ovh\/es\/#website","url":"https:\/\/casal.sjdigitaldemo.ovh\/es\/","name":"Casal Loiola","description":"","potentialAction":[{"@type":"SearchAction","target":{"@type":"EntryPoint","urlTemplate":"https:\/\/casal.sjdigitaldemo.ovh\/es\/?s={search_term_string}"},"query-input":{"@type":"PropertyValueSpecification","valueRequired":true,"valueName":"search_term_string"}}],"inLanguage":"es"}]}},"_links":{"self":[{"href":"https:\/\/casal.sjdigitaldemo.ovh\/es\/wp-json\/wp\/v2\/pages\/3624","targetHints":{"allow":["GET"]}}],"collection":[{"href":"https:\/\/casal.sjdigitaldemo.ovh\/es\/wp-json\/wp\/v2\/pages"}],"about":[{"href":"https:\/\/casal.sjdigitaldemo.ovh\/es\/wp-json\/wp\/v2\/types\/page"}],"author":[{"embeddable":true,"href":"https:\/\/casal.sjdigitaldemo.ovh\/es\/wp-json\/wp\/v2\/users\/1"}],"replies":[{"embeddable":true,"href":"https:\/\/casal.sjdigitaldemo.ovh\/es\/wp-json\/wp\/v2\/comments?post=3624"}],"version-history":[{"count":1,"href":"https:\/\/casal.sjdigitaldemo.ovh\/es\/wp-json\/wp\/v2\/pages\/3624\/revisions"}],"predecessor-version":[{"id":3625,"href":"https:\/\/casal.sjdigitaldemo.ovh\/es\/wp-json\/wp\/v2\/pages\/3624\/revisions\/3625"}],"wp:attachment":[{"href":"https:\/\/casal.sjdigitaldemo.ovh\/es\/wp-json\/wp\/v2\/media?parent=3624"}],"curies":[{"name":"wp","href":"https:\/\/api.w.org\/{rel}","templated":true}]}}