{"id":3533,"date":"2025-08-11T10:17:57","date_gmt":"2025-08-11T08:17:57","guid":{"rendered":"https:\/\/casal.sjdigitaldemo.ovh\/aviso-legal\/"},"modified":"2025-12-12T11:49:02","modified_gmt":"2025-12-12T10:49:02","slug":"aviso-legal","status":"publish","type":"page","link":"https:\/\/casal.sjdigitaldemo.ovh\/es\/aviso-legal\/","title":{"rendered":"Aviso Legal"},"content":{"rendered":"<p>[et_pb_section fb_built=\u00bb1&#8243; _builder_version=\u00bb4.27.4&#8243; _module_preset=\u00bbdefault\u00bb global_colors_info=\u00bb{}\u00bb theme_builder_area=\u00bbpost_content\u00bb][et_pb_row _builder_version=\u00bb4.27.4&#8243; _module_preset=\u00bbdefault\u00bb global_colors_info=\u00bb{}\u00bb theme_builder_area=\u00bbpost_content\u00bb][et_pb_column type=\u00bb4_4&#8243; _builder_version=\u00bb4.27.4&#8243; _module_preset=\u00bbdefault\u00bb global_colors_info=\u00bb{}\u00bb theme_builder_area=\u00bbpost_content\u00bb][et_pb_text _builder_version=\u00bb4.27.4&#8243; _module_preset=\u00bbdefault\u00bb theme_builder_area=\u00bbpost_content\u00bb hover_enabled=\u00bb0&#8243; sticky_enabled=\u00bb0&#8243;]<\/p>\n<h3><span style=\"font-weight: 400;\">Titularidad de la web y los datos de contacto<\/span><\/h3>\n<p><a href=\"https:\/\/www.casalloiola.org\/\"><span style=\"font-weight: 400;\">www.casalloiola.org<\/span><\/a> <span style=\"font-weight: 400;\">es un dominio de internet que tiene como propietario al CASAL LOIOLA FUNDACI\u00d3N PRIVADA P. MART\u00cd TUSQUETS,SJ con CIF\/NIF G66303124 y domiciliada en BALMES, 138, 08008 (BARCELONA). A partir de ahora CASAL LOIOLA.<\/span><\/p>\n<p><span style=\"font-weight: 400;\">La finalidad de la web es mostrar nuestros servicios, actividades e informarnos.<\/span><\/p>\n<p><span style=\"font-weight: 400;\">Puede contactar con el propietario de esta web en:<\/span><\/p>\n<ul>\n<li style=\"font-weight: 400;\" aria-level=\"1\"><span style=\"font-weight: 400;\">Telef\u00f3nicamente, en el n\u00famero 934 156 434<\/span><\/li>\n<li style=\"font-weight: 400;\" aria-level=\"1\"><span style=\"font-weight: 400;\">Por correo electr\u00f3nico, dirigi\u00e9ndose a<\/span> <span style=\"font-weight: 400;\">info@casalloiola.org<\/span><\/li>\n<li style=\"font-weight: 400;\" aria-level=\"1\"><span style=\"font-weight: 400;\">Por correo ordinario, dirigi\u00e9ndose a CASAL LOIOLA C\/Balmes, 138 08008 Barcelona  <\/span><\/li>\n<\/ul>\n<h3><span style=\"font-weight: 400;\">Condiciones de uso de la web<\/span><\/h3>\n<p><span style=\"font-weight: 400;\">Las presentes condiciones de uso regulan el acceso a esta web por parte de los socios de CASAL LOIOLA y otros usuarios de Internet. Para navegar en esta web, el usuario manifiesta su aceptaci\u00f3n sin salvedades de las presentes condiciones de uso. <\/span><\/p>\n<p><span style=\"font-weight: 400;\">CASAL LOIOLA se reserva el derecho unilateral de modificar las presentes condiciones de acceso a la web, as\u00ed como los contenidos incluidos.<\/span><\/p>\n<h3><span style=\"font-weight: 400;\">Limitaci\u00f3n y exclusi\u00f3n de responsabilidad<\/span><\/h3>\n<p><span style=\"font-weight: 400;\">El contenido de esta web es de car\u00e1cter general y tiene una finalidad y efectos exclusivamente informativos. El CASAL LOIOLA no acepta responsabilidad sobre cualquier informaci\u00f3n no elaborada por ella o publicada a su nombre sin su autorizaci\u00f3n, as\u00ed como responsabilidad derivada de la mala utilizaci\u00f3n por terceros de los contenidos. <\/span><\/p>\n<p><span style=\"font-weight: 400;\">El usuario exime a CASAL LOIOLA de cualquier responsabilidad que pudiera derivarse de las interrupciones de disponibilidad de la p\u00e1gina web, ya sea por mal funcionamiento del servidor web o de las aplicaciones, de las infraestructuras de comunicaciones o del software y hardware utilizados para la navegaci\u00f3n.<\/span><\/p>\n<p><span style=\"font-weight: 400;\">En caso de incluir enlaces en otras p\u00e1ginas web, declina cualquier responsabilidad relacionada con los accesos a los mismos.<\/span><\/p>\n<h3><span style=\"font-weight: 400;\">Propiedad intelectual e industrial<\/span><\/h3>\n<p><span style=\"font-weight: 400;\">La totalidad de esta web est\u00e1 protegida por las leyes de propiedad intelectual e industrial. Salvo que se indique lo contrario, los derechos de propiedad intelectual respecto a los contenidos corresponden en exclusiva al CASAL LOIOLA. El usuario reconoce que el uso de los contenidos se limitar\u00e1 estrictamente a fines particulares del propio usuario y que la reproducci\u00f3n, distribuci\u00f3n, comunicaci\u00f3n o transformaci\u00f3n no expresamente autorizada de dichos contenidos constituir\u00eda una infracci\u00f3n de los derechos de propiedad intelectual.  <\/span><\/p>\n<p><span style=\"font-weight: 400;\">Asimismo, el usuario se abstendr\u00e1 de aplicar los contenidos y principalmente la informaci\u00f3n de cualquier tipo obtenida mediante esta web para remitir publicidad o comunicaciones con fines de venta directa o de car\u00e1cter comercial; mensajes no solicitados dirigidos a una pluralidad de personas con independencia de su finalidad. Tambi\u00e9n se abstendr\u00e1 de divulgar de cualquier modo esta informaci\u00f3n. <\/span><\/p>\n<p><a href=\"about:blank\"><span style=\"font-weight: 400;\">www.casalloiola.org<\/span> <span style=\"font-weight: 400;\">es<\/span><\/a> <span style=\"font-weight: 400;\">un dominio del CASAL LOIOLA. No puede ser utilizado, salvo autorizaci\u00f3n previa y expresa, en conexi\u00f3n con otros productos o servicios que no sean propiedad del CASAL LOIOLA en modo alguno que pueda causar confusi\u00f3n entre nuestros usuarios o descr\u00e9dito del CASAL LOIOLA.<\/span><\/p>\n<h4><span style=\"font-weight: 400;\">Pol\u00edtica para enlazar a esta web<\/span><\/h4>\n<p><span style=\"font-weight: 400;\">Si cualquier usuario, entidad o p\u00e1gina web deseara establecer alg\u00fan tipo de enlace con destino a esta web deber\u00e1 solicitar autorizaci\u00f3n previa a la realizaci\u00f3n del enlace y por escrito.<\/span><\/p>\n<p><span style=\"font-weight: 400;\">Adem\u00e1s, s\u00f3lo se permite enlazar a la p\u00e1gina de inicio de la web. El enlace debe estar en su totalidad y completo, es decir, debe llevar al usuario a la propia direcci\u00f3n abarcando completamente la extensi\u00f3n de la pantalla de la p\u00e1gina que contiene el enlace. En ning\u00fan caso, salvo autorizaci\u00f3n expresa y por escrito del CASAL LOIOLA, la p\u00e1gina que realice el enlace en ning\u00fan momento podr\u00e1 reproducir la web, ni incluirla como parte de su web ni dentro de uno de sus marcos sobre cualquiera de las p\u00e1ginas o contenidos del presente web.  <\/span><\/p>\n<p><span style=\"font-weight: 400;\">No se incluir\u00e1 ninguna manifestaci\u00f3n falsa, inexacta o incorrecta sobre las p\u00e1ginas de esta web o los servicios que en ella se ofrecen.<\/span><\/p>\n<p><span style=\"font-weight: 400;\">El enlace no contendr\u00e1 ninguna marca, nombre comercial, r\u00f3tulo de establecimiento, denominaci\u00f3n, logotipo, eslogan u otros signos distintivos pertenecientes al CASAL LOIOLA<\/span><\/p>\n<p><span style=\"font-weight: 400;\">En ninguna circunstancia ser\u00e1 responsable de los contenidos o servicios puestos a disposici\u00f3n del p\u00fablico en la p\u00e1gina web desde la que se realice el enlace ni de las informaciones o manifestaciones incluidas en las mismas.<\/span><\/p>\n<h4><span style=\"font-weight: 400;\">Protecci\u00f3n de datos personales<\/span><\/h4>\n<p><span style=\"font-weight: 400;\">La utilizaci\u00f3n de esta web y sus formularios requiere la aceptaci\u00f3n del tratamiento de los datos del usuario, siendo responsable del tratamiento el CASAL LOIOLA, para finalidades que incluyen la provisi\u00f3n de la web, la recopilaci\u00f3n de datos de acceso y el env\u00edo de informaci\u00f3n comercial por v\u00eda electr\u00f3nica, en determinados casos.<\/span><\/p>\n<p><span style=\"font-weight: 400;\">Lea detenidamente la pol\u00edtica de privacidad para informaci\u00f3n adicional y detallada, incluyendo c\u00f3mo utilizamos los datos de los usuarios y c\u00f3mo ejercer los derechos de acceso, rectificaci\u00f3n, supresi\u00f3n, oposici\u00f3n, y otros derechos de protecci\u00f3n de datos.<\/span><\/p>\n<h4><span style=\"font-weight: 400;\">Prevalencia de la versi\u00f3n en catal\u00e1n<\/span><\/h4>\n<p><span style=\"font-weight: 400;\">En caso de que se traduzca este aviso legal a otros idiomas, cuando exista alguna discrepancia, la versi\u00f3n catalana prevalecer\u00e1.<\/span><\/p>\n<h4><span style=\"font-weight: 400;\">Legislaci\u00f3n y Jurisdicci\u00f3n aplicable<\/span><\/h4>\n<p><span style=\"font-weight: 400;\">El presente Aviso Legal as\u00ed como las relaciones entre CASAL LOIOLA y los usuarios se regir\u00e1n por la normativa espa\u00f1ola vigente y cualquier controversia se someter\u00e1 a los Juzgados y Tribunales de BARCELONA, salvo en el caso de consumidores y usuarios donde se aplicar\u00e1 el fuero imperativo de los juzgados que correspondan a su domicilio.<\/span><\/p>\n<p>[\/et_pb_text][\/et_pb_column][\/et_pb_row][\/et_pb_section]<\/p>\n","protected":false},"excerpt":{"rendered":"<p>Titularidad de la web y los datos de contacto www.casalloiola.org es un dominio de internet que tiene como propietario al CASAL LOIOLA FUNDACI\u00d3N PRIVADA P. MART\u00cd TUSQUETS,SJ con CIF\/NIF G66303124 y domiciliada en BALMES, 138, 08008 (BARCELONA). A partir de ahora CASAL LOIOLA. La finalidad de la web es mostrar nuestros servicios, actividades e informarnos. [&hellip;]<\/p>\n","protected":false},"author":1,"featured_media":0,"parent":0,"menu_order":0,"comment_status":"closed","ping_status":"closed","template":"","meta":{"_acf_changed":false,"_et_pb_use_builder":"on","_et_pb_old_content":"","_et_gb_content_width":"","footnotes":""},"class_list":["post-3533","page","type-page","status-publish","hentry"],"acf":[],"yoast_head":"<!-- This site is optimized with the Yoast SEO plugin v27.4 - https:\/\/yoast.com\/product\/yoast-seo-wordpress\/ -->\n<title>Aviso Legal - Casal Loiola<\/title>\n<meta name=\"robots\" content=\"noindex, follow, max-snippet:-1, max-image-preview:large, max-video-preview:-1\" \/>\n<meta property=\"og:locale\" content=\"es_ES\" \/>\n<meta property=\"og:type\" content=\"article\" \/>\n<meta property=\"og:title\" content=\"Aviso Legal - Casal Loiola\" \/>\n<meta property=\"og:description\" content=\"Titularidad de la web y los datos de contacto www.casalloiola.org es un dominio de internet que tiene como propietario al CASAL LOIOLA FUNDACI\u00d3N PRIVADA P. MART\u00cd TUSQUETS,SJ con CIF\/NIF G66303124 y domiciliada en BALMES, 138, 08008 (BARCELONA). A partir de ahora CASAL LOIOLA. La finalidad de la web es mostrar nuestros servicios, actividades e informarnos. [&hellip;]\" \/>\n<meta property=\"og:url\" content=\"https:\/\/casal.sjdigitaldemo.ovh\/es\/aviso-legal\/\" \/>\n<meta property=\"og:site_name\" content=\"Casal Loiola\" \/>\n<meta property=\"article:modified_time\" content=\"2025-12-12T10:49:02+00:00\" \/>\n<meta name=\"twitter:card\" content=\"summary_large_image\" \/>\n<meta name=\"twitter:label1\" content=\"Tiempo de lectura\" \/>\n\t<meta name=\"twitter:data1\" content=\"5 minutos\" \/>\n<script type=\"application\/ld+json\" class=\"yoast-schema-graph\">{\"@context\":\"https:\\\/\\\/schema.org\",\"@graph\":[{\"@type\":\"WebPage\",\"@id\":\"https:\\\/\\\/casal.sjdigitaldemo.ovh\\\/es\\\/aviso-legal\\\/\",\"url\":\"https:\\\/\\\/casal.sjdigitaldemo.ovh\\\/es\\\/aviso-legal\\\/\",\"name\":\"Aviso Legal - Casal Loiola\",\"isPartOf\":{\"@id\":\"https:\\\/\\\/casal.sjdigitaldemo.ovh\\\/es\\\/#website\"},\"datePublished\":\"2025-08-11T08:17:57+00:00\",\"dateModified\":\"2025-12-12T10:49:02+00:00\",\"breadcrumb\":{\"@id\":\"https:\\\/\\\/casal.sjdigitaldemo.ovh\\\/es\\\/aviso-legal\\\/#breadcrumb\"},\"inLanguage\":\"es\",\"potentialAction\":[{\"@type\":\"ReadAction\",\"target\":[\"https:\\\/\\\/casal.sjdigitaldemo.ovh\\\/es\\\/aviso-legal\\\/\"]}]},{\"@type\":\"BreadcrumbList\",\"@id\":\"https:\\\/\\\/casal.sjdigitaldemo.ovh\\\/es\\\/aviso-legal\\\/#breadcrumb\",\"itemListElement\":[{\"@type\":\"ListItem\",\"position\":1,\"name\":\"Portada\",\"item\":\"https:\\\/\\\/casal.sjdigitaldemo.ovh\\\/es\\\/\"},{\"@type\":\"ListItem\",\"position\":2,\"name\":\"Aviso Legal\"}]},{\"@type\":\"WebSite\",\"@id\":\"https:\\\/\\\/casal.sjdigitaldemo.ovh\\\/es\\\/#website\",\"url\":\"https:\\\/\\\/casal.sjdigitaldemo.ovh\\\/es\\\/\",\"name\":\"Casal Loiola\",\"description\":\"\",\"potentialAction\":[{\"@type\":\"SearchAction\",\"target\":{\"@type\":\"EntryPoint\",\"urlTemplate\":\"https:\\\/\\\/casal.sjdigitaldemo.ovh\\\/es\\\/?s={search_term_string}\"},\"query-input\":{\"@type\":\"PropertyValueSpecification\",\"valueRequired\":true,\"valueName\":\"search_term_string\"}}],\"inLanguage\":\"es\"}]}<\/script>\n<!-- \/ Yoast SEO plugin. -->","yoast_head_json":{"title":"Aviso Legal - Casal Loiola","robots":{"index":"noindex","follow":"follow","max-snippet":"max-snippet:-1","max-image-preview":"max-image-preview:large","max-video-preview":"max-video-preview:-1"},"og_locale":"es_ES","og_type":"article","og_title":"Aviso Legal - Casal Loiola","og_description":"Titularidad de la web y los datos de contacto www.casalloiola.org es un dominio de internet que tiene como propietario al CASAL LOIOLA FUNDACI\u00d3N PRIVADA P. MART\u00cd TUSQUETS,SJ con CIF\/NIF G66303124 y domiciliada en BALMES, 138, 08008 (BARCELONA). A partir de ahora CASAL LOIOLA. La finalidad de la web es mostrar nuestros servicios, actividades e informarnos. [&hellip;]","og_url":"https:\/\/casal.sjdigitaldemo.ovh\/es\/aviso-legal\/","og_site_name":"Casal Loiola","article_modified_time":"2025-12-12T10:49:02+00:00","twitter_card":"summary_large_image","twitter_misc":{"Tiempo de lectura":"5 minutos"},"schema":{"@context":"https:\/\/schema.org","@graph":[{"@type":"WebPage","@id":"https:\/\/casal.sjdigitaldemo.ovh\/es\/aviso-legal\/","url":"https:\/\/casal.sjdigitaldemo.ovh\/es\/aviso-legal\/","name":"Aviso Legal - Casal Loiola","isPartOf":{"@id":"https:\/\/casal.sjdigitaldemo.ovh\/es\/#website"},"datePublished":"2025-08-11T08:17:57+00:00","dateModified":"2025-12-12T10:49:02+00:00","breadcrumb":{"@id":"https:\/\/casal.sjdigitaldemo.ovh\/es\/aviso-legal\/#breadcrumb"},"inLanguage":"es","potentialAction":[{"@type":"ReadAction","target":["https:\/\/casal.sjdigitaldemo.ovh\/es\/aviso-legal\/"]}]},{"@type":"BreadcrumbList","@id":"https:\/\/casal.sjdigitaldemo.ovh\/es\/aviso-legal\/#breadcrumb","itemListElement":[{"@type":"ListItem","position":1,"name":"Portada","item":"https:\/\/casal.sjdigitaldemo.ovh\/es\/"},{"@type":"ListItem","position":2,"name":"Aviso Legal"}]},{"@type":"WebSite","@id":"https:\/\/casal.sjdigitaldemo.ovh\/es\/#website","url":"https:\/\/casal.sjdigitaldemo.ovh\/es\/","name":"Casal Loiola","description":"","potentialAction":[{"@type":"SearchAction","target":{"@type":"EntryPoint","urlTemplate":"https:\/\/casal.sjdigitaldemo.ovh\/es\/?s={search_term_string}"},"query-input":{"@type":"PropertyValueSpecification","valueRequired":true,"valueName":"search_term_string"}}],"inLanguage":"es"}]}},"_links":{"self":[{"href":"https:\/\/casal.sjdigitaldemo.ovh\/es\/wp-json\/wp\/v2\/pages\/3533","targetHints":{"allow":["GET"]}}],"collection":[{"href":"https:\/\/casal.sjdigitaldemo.ovh\/es\/wp-json\/wp\/v2\/pages"}],"about":[{"href":"https:\/\/casal.sjdigitaldemo.ovh\/es\/wp-json\/wp\/v2\/types\/page"}],"author":[{"embeddable":true,"href":"https:\/\/casal.sjdigitaldemo.ovh\/es\/wp-json\/wp\/v2\/users\/1"}],"replies":[{"embeddable":true,"href":"https:\/\/casal.sjdigitaldemo.ovh\/es\/wp-json\/wp\/v2\/comments?post=3533"}],"version-history":[{"count":10,"href":"https:\/\/casal.sjdigitaldemo.ovh\/es\/wp-json\/wp\/v2\/pages\/3533\/revisions"}],"predecessor-version":[{"id":3557,"href":"https:\/\/casal.sjdigitaldemo.ovh\/es\/wp-json\/wp\/v2\/pages\/3533\/revisions\/3557"}],"wp:attachment":[{"href":"https:\/\/casal.sjdigitaldemo.ovh\/es\/wp-json\/wp\/v2\/media?parent=3533"}],"curies":[{"name":"wp","href":"https:\/\/api.w.org\/{rel}","templated":true}]}}