{"id":3532,"date":"2022-01-12T13:06:39","date_gmt":"2022-01-12T12:06:39","guid":{"rendered":"https:\/\/casal.sjdigitaldemo.ovh\/casal-loyola\/"},"modified":"2026-04-14T12:24:17","modified_gmt":"2026-04-14T10:24:17","slug":"casal-loyola","status":"publish","type":"page","link":"https:\/\/casal.sjdigitaldemo.ovh\/es\/","title":{"rendered":"Casal Loiola"},"content":{"rendered":"<p>[et_pb_section fb_built=\u00bb1&#8243; _builder_version=\u00bb4.27.4&#8243; _module_preset=\u00bbdefault\u00bb use_background_color_gradient=\u00bbon\u00bb background_color_gradient_stops=\u00bb#ffffff 0%|rgba(2,48,71,0.36) 100%\u00bb background_color_gradient_start=\u00bb#ffffff\u00bb background_color_gradient_end=\u00bbrgba(2,48,71,0.36)\u00bb background_image=\u00bbhttps:\/\/casal.sjdigitaldemo.ovh\/wp-content\/uploads\/2025\/08\/casal-loiola-portada-004.jpg\u00bb background_position=\u00bbbottom_center\u00bb background_blend=\u00bbscreen\u00bb width=\u00bb100%\u00bb max_width=\u00bb100%\u00bb custom_margin=\u00bb12vw||0px||false|false\u00bb custom_margin_tablet=\u00bb16vw||0px||false|false\u00bb custom_margin_phone=\u00bb0vw||||false|false\u00bb custom_margin_last_edited=\u00bbon|phone\u00bb global_colors_info=\u00bb{}\u00bb][et_pb_row use_custom_gutter=\u00bbon\u00bb gutter_width=\u00bb1&#8243; make_equal=\u00bbon\u00bb _builder_version=\u00bb4.16&#8243; _module_preset=\u00bbdefault\u00bb height=\u00bb100%\u00bb max_height=\u00bb100%\u00bb global_colors_info=\u00bb{}\u00bb][et_pb_column type=\u00bb4_4&#8243; _builder_version=\u00bb4.16&#8243; _module_preset=\u00bbdefault\u00bb global_colors_info=\u00bb{}\u00bb][et_pb_text _builder_version=\u00bb4.27.4&#8243; text_font=\u00bb||||||||\u00bb header_font=\u00bb||||||||\u00bb header_text_color=\u00bb#000000&#8243; header_font_size=\u00bb5vw\u00bb header_2_font=\u00bbOpen Sans|700||on|||||\u00bb header_2_font_size=\u00bb16px\u00bb header_2_letter_spacing=\u00bb6px\u00bb header_2_line_height=\u00bb2em\u00bb header_3_font=\u00bb||||||||\u00bb text_orientation=\u00bbcenter\u00bb custom_margin=\u00bb-7.5vw||40px||false\u00bb custom_margin_tablet=\u00bb0vw||20px\u00bb custom_margin_phone=\u00bb\u00bb custom_margin_last_edited=\u00bbon|desktop\u00bb header_font_size_tablet=\u00bb10vw\u00bb header_font_size_phone=\u00bb\u00bb header_font_size_last_edited=\u00bbon|phone\u00bb header_2_font_size_tablet=\u00bb\u00bb header_2_font_size_phone=\u00bb12px\u00bb header_2_font_size_last_edited=\u00bbon|phone\u00bb header_text_shadow_style=\u00bbpreset3&#8243; header_text_shadow_vertical_length=\u00bb0.03em\u00bb header_text_shadow_color=\u00bb#ffffff\u00bb locked=\u00bboff\u00bb global_colors_info=\u00bb{}\u00bb header_3_font_size__hover=\u00bb22px\u00bb header_3_font_size__hover_enabled=\u00bb22px\u00bb header_3_letter_spacing__hover=\u00bb0px\u00bb header_3_letter_spacing__hover_enabled=\u00bb0px\u00bb header_3_line_height__hover=\u00bb1em\u00bb header_3_line_height__hover_enabled=\u00bb1em\u00bb header_3_text_shadow_style__hover=\u00bbnone\u00bb header_3_text_shadow_style__hover_enabled=\u00bbnone\u00bb header_3_text_shadow_color__hover=\u00bbrgba(0,0,0,0.4)\u00bb header_3_text_shadow_color__hover_enabled=\u00bbrgba(0,0,0,0.4)\u00bb]<\/p>\n<h2>Un espacio de crecimiento humano y espiritual para la construcci\u00f3n de una sociedad m\u00e1s justa<\/h2>\n<h1><\/h1>\n<h1>Arraigados en la fe, sembradores de justicia y paz<\/h1>\n<p>[\/et_pb_text][et_pb_code module_id=\u00bbprueba-eventos\u00bb _builder_version=\u00bb4.16&#8243; _module_preset=\u00bbdefault\u00bb global_colors_info=\u00bb{}\u00bb]<div class=\"mec-wrap mec-skin-carousel-container  \" id=\"mec_skin_582\">\n        <div class=\"mec-skin-carousel-events-container\" id=\"mec_skin_events_582\">\n        \u00a1No hay eventos!    <\/div>\n        <\/div>[\/et_pb_code][et_pb_button button_url=\u00bbhttps:\/\/casal.sjdigitaldemo.ovh\/es\/eventos\/\u00bb button_text=\u00bbver toda la agenda\u00bb button_alignment=\u00bbright\u00bb _builder_version=\u00bb4.27.4&#8243; _module_preset=\u00bbdefault\u00bb custom_button=\u00bbon\u00bb button_text_size=\u00bb14px\u00bb button_text_color=\u00bb#FFFFFF\u00bb button_bg_color=\u00bb#023047&#8243; button_border_width=\u00bb0px\u00bb button_letter_spacing=\u00bb3px\u00bb button_font=\u00bb|||on|||||\u00bb button_icon=\u00bb&#x24;||divi||400&#8243; custom_padding=\u00bb10px|20px|10px|20px|true|true\u00bb global_colors_info=\u00bb{}\u00bb][\/et_pb_button][\/et_pb_column][\/et_pb_row][\/et_pb_section][et_pb_section fb_built=\u00bb1&#8243; _builder_version=\u00bb4.16&#8243; _module_preset=\u00bbdefault\u00bb background_color=\u00bb#FFFFFF\u00bb global_colors_info=\u00bb{}\u00bb][et_pb_row column_structure=\u00bb3_4,1_4&#8243; _builder_version=\u00bb4.16&#8243; _module_preset=\u00bbdefault\u00bb max_width=\u00bb1920px\u00bb global_colors_info=\u00bb{}\u00bb][et_pb_column type=\u00bb3_4&#8243; _builder_version=\u00bb4.16&#8243; _module_preset=\u00bbdefault\u00bb global_colors_info=\u00bb{}\u00bb][et_pb_blog_extras posts_number=\u00bb6&#8243; blog_layout=\u00bbmasonry\u00bb masonry_layout=\u00bbblock_extended\u00bb column_spacing=\u00bb33px\u00bb excerpt_length=\u00bb100&#8243; show_more=\u00bboff\u00bb show_author=\u00bboff\u00bb show_comments=\u00bboff\u00bb content_color=\u00bb#023047&#8243; disabled_on=\u00bbon|on|off\u00bb masonry_columns_tablet=\u00bb2&#8243; masonry_columns_phone=\u00bb2&#8243; masonry_columns_last_edited=\u00bbon|tablet\u00bb _builder_version=\u00bb4.27.4&#8243; _module_preset=\u00bbdefault\u00bb header_text_color=\u00bb#023047&#8243; header_font_size=\u00bb24px\u00bb header_line_height=\u00bb1.2em\u00bb meta_text_color=\u00bb#023047&#8243; global_colors_info=\u00bb{}\u00bb][\/et_pb_blog_extras][et_pb_blog_extras posts_number=\u00bb4&#8243; blog_layout=\u00bbmasonry\u00bb masonry_layout=\u00bbblock_extended\u00bb column_spacing=\u00bb33px\u00bb excerpt_length=\u00bb100&#8243; show_more=\u00bboff\u00bb show_author=\u00bboff\u00bb show_comments=\u00bboff\u00bb content_color=\u00bb#023047&#8243; disabled_on=\u00bbon|off|on\u00bb masonry_columns_tablet=\u00bb2&#8243; masonry_columns_phone=\u00bb2&#8243; masonry_columns_last_edited=\u00bbon|tablet\u00bb _builder_version=\u00bb4.27.4&#8243; _module_preset=\u00bbdefault\u00bb header_text_color=\u00bb#023047&#8243; header_font_size=\u00bb24px\u00bb header_line_height=\u00bb1.2em\u00bb meta_text_color=\u00bb#023047&#8243; global_colors_info=\u00bb{}\u00bb][\/et_pb_blog_extras][et_pb_blog_extras posts_number=\u00bb4&#8243; blog_layout=\u00bbmasonry\u00bb masonry_layout=\u00bbblock_extended\u00bb column_spacing=\u00bb33px\u00bb excerpt_length=\u00bb100&#8243; show_more=\u00bboff\u00bb show_author=\u00bboff\u00bb show_comments=\u00bboff\u00bb content_color=\u00bb#023047&#8243; disabled_on=\u00bboff|on|on\u00bb masonry_columns_tablet=\u00bb2&#8243; masonry_columns_phone=\u00bb1&#8243; masonry_columns_last_edited=\u00bbon|phone\u00bb _builder_version=\u00bb4.23&#8243; _module_preset=\u00bbdefault\u00bb header_text_color=\u00bb#023047&#8243; header_font_size=\u00bb24px\u00bb header_line_height=\u00bb1.4em\u00bb meta_text_color=\u00bb#023047&#8243; global_colors_info=\u00bb{}\u00bb][\/et_pb_blog_extras][et_pb_button button_url=\u00bbhttps:\/\/casal.sjdigitaldemo.ovh\/es\/actualidad\/\u00bb button_text=\u00bbVer m\u00e1s noticias\u00bb button_alignment=\u00bbright\u00bb _builder_version=\u00bb4.27.4&#8243; _module_preset=\u00bbdefault\u00bb custom_button=\u00bbon\u00bb button_text_size=\u00bb14px\u00bb button_text_color=\u00bb#FFFFFF\u00bb button_bg_color=\u00bb#023047&#8243; button_border_width=\u00bb0px\u00bb button_letter_spacing=\u00bb3px\u00bb button_font=\u00bb|||on|||||\u00bb button_icon=\u00bb&#x24;||divi||400&#8243; custom_padding=\u00bb10px|20px|10px|20px|true|true\u00bb global_colors_info=\u00bb{}\u00bb][\/et_pb_button][\/et_pb_column][et_pb_column type=\u00bb1_4&#8243; _builder_version=\u00bb4.16&#8243; _module_preset=\u00bbdefault\u00bb background_color=\u00bb#023047&#8243; global_colors_info=\u00bb{}\u00bb][et_pb_text _builder_version=\u00bb4.27.4&#8243; _module_preset=\u00bbdefault\u00bb text_text_color=\u00bbrgba(255,255,255,0.75)\u00bb text_orientation=\u00bbcenter\u00bb custom_margin=\u00bb20px||0px||false|false\u00bb custom_margin_tablet=\u00bb||0px||false|false\u00bb custom_margin_phone=\u00bb||0px||false|false\u00bb custom_margin_last_edited=\u00bbon|tablet\u00bb custom_padding=\u00bb|10px|0px|10px|false|true\u00bb global_colors_info=\u00bb{}\u00bb]<\/p>\n<p>Casal Loyola<br \/> Calle de Balmes 138, 08008, Barcelona<br \/> <a href=\"tel:+34%2093%20415%2064%2034\" target=\"_blank\" rel=\"noopener\">+34 93 415 64 34<\/a><br \/> <a href=\"mailto:info@casalloiola.org\" target=\"_blank\" rel=\"noopener\">info@casalloiola.org<\/a><\/p>\n<p>[\/et_pb_text][et_pb_text _builder_version=\u00bb4.27.4&#8243; _module_preset=\u00bbdefault\u00bb header_text_color=\u00bb#FFFFFF\u00bb header_2_text_color=\u00bb#FFFFFF\u00bb text_orientation=\u00bbcenter\u00bb custom_margin=\u00bb0px||0px||false|false\u00bb custom_padding=\u00bb20px|10px||10px|false|true\u00bb global_colors_info=\u00bb{}\u00bb]<\/p>\n<h2>Horarios<\/h2>\n<p>[\/et_pb_text][et_pb_text _builder_version=\u00bb4.27.4&#8243; _module_preset=\u00bbdefault\u00bb text_text_color=\u00bbrgba(255,255,255,0.75)\u00bb text_orientation=\u00bbcenter\u00bb custom_margin=\u00bb||0px||false|false\u00bb custom_padding=\u00bb|10px|0px|10px|false|true\u00bb global_colors_info=\u00bb{}\u00bb]<strong>Ma\u00f1anas<\/strong><br \/>\n <em>lunes a viernes<\/em><br \/>\n de 9:00 a 14:00 h<br \/>\n <strong>Tardes<\/strong><br \/>\n <em>lunes a viernes<\/em><br \/>\n de 17:00 a 22:00 h<br \/>\n <em>s\u00e1bados<\/em><br \/>\n de 17:00 a 21:00 h[\/et_pb_text][et_pb_code module_id=\u00bbeucaristia\u00bb _builder_version=\u00bb4.27.4&#8243; _module_preset=\u00bbdefault\u00bb text_orientation=\u00bbleft\u00bb custom_margin=\u00bb0px||0px||true|true\u00bb custom_padding=\u00bb10px|20px|10px|20px|true|true\u00bb custom_padding_tablet=\u00bb60px|10%|20px|10%|false|true\u00bb custom_padding_phone=\u00bb60px|10%|20px|10%|false|true\u00bb custom_padding_last_edited=\u00bbon|tablet\u00bb global_colors_info=\u00bb{}\u00bb][\/et_pb_code][\/et_pb_column][\/et_pb_row][\/et_pb_section][et_pb_section fb_built=\u00bb1&#8243; admin_label=\u00bbAbout\u00bb _builder_version=\u00bb4.27.4&#8243; use_background_color_gradient=\u00bbon\u00bb background_color_gradient_direction=\u00bb360deg\u00bb background_color_gradient_stops=\u00bbrgba(255,255,255,0.5) 0%|#ffffff 90%\u00bb background_color_gradient_start=\u00bbrgba(255,255,255,0.5)\u00bb background_color_gradient_end=\u00bb#ffffff\u00bb background_color_gradient_end_position=\u00bb90%\u00bb background_image=\u00bbhttps:\/\/casal.sjdigitaldemo.ovh\/wp-content\/uploads\/2025\/10\/2.-Un-oasi-en-la-ciutat-en-tamano-grande.jpeg\u00bb background_position=\u00bbtop_center\u00bb background_blend=\u00bbscreen\u00bb custom_margin_tablet=\u00bb\u00bb custom_margin_phone=\u00bb-75px||||false|false\u00bb custom_margin_last_edited=\u00bbon|phone\u00bb custom_padding=\u00bb||||false|false\u00bb global_colors_info=\u00bb{}\u00bb][et_pb_row column_structure=\u00bb1_2,1_2&#8243; use_custom_gutter=\u00bbon\u00bb gutter_width=\u00bb1&#8243; _builder_version=\u00bb4.16&#8243; global_colors_info=\u00bb{}\u00bb][et_pb_column type=\u00bb1_2&#8243; _builder_version=\u00bb4.16&#8243; custom_padding=\u00bb|||\u00bb global_colors_info=\u00bb{}\u00bb custom_padding__hover=\u00bb|||\u00bb][et_pb_text _builder_version=\u00bb4.27.4&#8243; text_font=\u00bbOpen Sans||||||||\u00bb text_line_height=\u00bb2em\u00bb header_font=\u00bb||||||||\u00bb header_2_font=\u00bbGilda Display||||||||\u00bb header_2_font_size=\u00bb60px\u00bb header_2_line_height=\u00bb1.2em\u00bb header_2_font_size_tablet=\u00bb40px\u00bb header_2_font_size_phone=\u00bb30px\u00bb header_2_font_size_last_edited=\u00bbon|phone\u00bb locked=\u00bboff\u00bb global_colors_info=\u00bb{}\u00bb]<\/p>\n<h2><span style=\"font-weight: 400;\">Un oasis en la ciudad<\/span><\/h2>\n<p>[\/et_pb_text][\/et_pb_column][et_pb_column type=\u00bb1_2&#8243; _builder_version=\u00bb4.16&#8243; custom_padding=\u00bb5%||5%|5%|true|false\u00bb global_colors_info=\u00bb{}\u00bb custom_padding__hover=\u00bb|||\u00bb][\/et_pb_column][\/et_pb_row][et_pb_row column_structure=\u00bb1_2,1_2&#8243; use_custom_gutter=\u00bbon\u00bb gutter_width=\u00bb1&#8243; make_equal=\u00bbon\u00bb _builder_version=\u00bb4.27.4&#8243; custom_padding=\u00bb0px|||||\u00bb global_colors_info=\u00bb{}\u00bb][et_pb_column type=\u00bb1_2&#8243; _builder_version=\u00bb4.27.4&#8243; custom_padding=\u00bb|||\u00bb custom_css_main_element=\u00bbmargin: auto;\u00bb global_colors_info=\u00bb{}\u00bb custom_padding__hover=\u00bb|||\u00bb][et_pb_text _builder_version=\u00bb4.27.4&#8243; text_font=\u00bbOpen Sans||||||||\u00bb text_text_color=\u00bb#023047&#8243; text_line_height=\u00bb2em\u00bb header_font=\u00bb||||||||\u00bb header_2_font=\u00bbGilda Display||||||||\u00bb header_2_font_size=\u00bb60px\u00bb header_2_line_height=\u00bb1.2em\u00bb header_2_font_size_tablet=\u00bb40px\u00bb header_2_font_size_phone=\u00bb30px\u00bb header_2_font_size_last_edited=\u00bbon|phone\u00bb locked=\u00bboff\u00bb global_colors_info=\u00bb{}\u00bb]<\/p>\n<p>El Casal Loiola de Barcelona es un proyecto al servicio del Evangelio en la ciudad. En medio del ritmo fren\u00e9tico de cada d\u00eda, el Casal ofrece un espacio de calma y reflexi\u00f3n, un oasis para la celebraci\u00f3n, la comunidad y el silencio.<br \/> Aqu\u00ed la fe se vive en constante di\u00e1logo con la vida, la cultura y las necesidades actuales. Es un lugar para encontrarte contigo mismo, con los dem\u00e1s y con Dios, conectando con lo que realmente importa.<br \/> El Casal Loiola es una invitaci\u00f3n a hacer una pausa, a reconectar ya vivir la fe de una forma aut\u00e9ntica y cercana.  <\/p>\n<p>[\/et_pb_text][\/et_pb_column][et_pb_column type=\u00bb1_2&#8243; _builder_version=\u00bb4.16&#8243; custom_padding=\u00bb5%||5%|5%|true|false\u00bb global_colors_info=\u00bb{}\u00bb custom_padding__hover=\u00bb|||\u00bb][et_pb_image src=\u00bbhttps:\/\/casal.sjdigitaldemo.ovh\/wp-content\/uploads\/2025\/10\/Mapa-web-Casal-30&#215;30-en-tamano-grande.jpeg\u00bb title_text=\u00bbSin t\u00edtulo (30 x 30 cm) - 1&#8243; url=\u00bbhttps:\/\/www.google.com\/maps\/place\/Casal+Loiola\/@41.3937962,2.1543866,819m\/data=!3m2!1e3!4b1!4m6!3m5!1s0x12a4a290f8c1f82f:0xfae224b9117fe6de!8m2!3d41.3937922!4d2.1569669!16s%2Fg%2F1vfhj_q7?entry=ttu&#038;g_ep=EgoyMDI1MTAxNC4wIKXMDSoASAFQAw%3D%3D\u00bb url_new_window=\u00bbon\u00bb _builder_version=\u00bb4.27.4&#8243; _module_preset=\u00bbdefault\u00bb global_colors_info=\u00bb{}\u00bb][\/et_pb_image][\/et_pb_column][\/et_pb_row][\/et_pb_section]<\/p>\n","protected":false},"excerpt":{"rendered":"<p>Un espacio de crecimiento humano y espiritual para la construcci\u00f3n de una sociedad m\u00e1s justa Arraigados en la fe, sembradores de justicia y paz<div class=\"mec-wrap mec-skin-carousel-container  \" id=\"mec_skin_582\">\n        <div class=\"mec-skin-carousel-events-container\" id=\"mec_skin_events_582\">\n        \u00a1No hay eventos!    <\/div>\n        <\/div>Casal Loyola Calle de Balmes 138, 08008, Barcelona +34 93 415 64 34 info@casalloiola.orgHorariosMa\u00f1anas lunes a viernes de 9:00 a 14:00 h Tardes lunes a viernes de 17:00 a 22:00 h [&hellip;]<\/p>\n","protected":false},"author":1,"featured_media":0,"parent":0,"menu_order":0,"comment_status":"closed","ping_status":"closed","template":"","meta":{"_acf_changed":false,"_et_pb_use_builder":"on","_et_pb_old_content":"","_et_gb_content_width":"","footnotes":""},"class_list":["post-3532","page","type-page","status-publish","hentry"],"acf":[],"yoast_head":"<!-- This site is optimized with the Yoast SEO plugin v27.4 - https:\/\/yoast.com\/product\/yoast-seo-wordpress\/ -->\n<title>Casal Loiola - Casal Loiola<\/title>\n<meta name=\"robots\" content=\"noindex, follow, max-snippet:-1, max-image-preview:large, max-video-preview:-1\" \/>\n<meta property=\"og:locale\" content=\"es_ES\" \/>\n<meta property=\"og:type\" content=\"article\" \/>\n<meta property=\"og:title\" content=\"Casal Loiola - Casal Loiola\" \/>\n<meta property=\"og:description\" content=\"Un espacio de crecimiento humano y espiritual para la construcci\u00f3n de una sociedad m\u00e1s justa Arraigados en la fe, sembradores de justicia y pazCasal Loyola Calle de Balmes 138, 08008, Barcelona +34 93 415 64 34 info@casalloiola.orgHorariosMa\u00f1anas lunes a viernes de 9:00 a 14:00 h Tardes lunes a viernes de 17:00 a 22:00 h [&hellip;]\" \/>\n<meta property=\"og:url\" content=\"https:\/\/casal.sjdigitaldemo.ovh\/es\/\" \/>\n<meta property=\"og:site_name\" content=\"Casal Loiola\" \/>\n<meta property=\"article:modified_time\" content=\"2026-04-14T10:24:17+00:00\" \/>\n<meta name=\"twitter:card\" content=\"summary_large_image\" \/>\n<meta name=\"twitter:label1\" content=\"Tiempo de lectura\" \/>\n\t<meta name=\"twitter:data1\" content=\"7 minutos\" \/>\n<script type=\"application\/ld+json\" class=\"yoast-schema-graph\">{\"@context\":\"https:\\\/\\\/schema.org\",\"@graph\":[{\"@type\":\"WebPage\",\"@id\":\"https:\\\/\\\/casal.sjdigitaldemo.ovh\\\/es\\\/\",\"url\":\"https:\\\/\\\/casal.sjdigitaldemo.ovh\\\/es\\\/\",\"name\":\"Casal Loiola - Casal Loiola\",\"isPartOf\":{\"@id\":\"https:\\\/\\\/casal.sjdigitaldemo.ovh\\\/es\\\/#website\"},\"datePublished\":\"2022-01-12T12:06:39+00:00\",\"dateModified\":\"2026-04-14T10:24:17+00:00\",\"breadcrumb\":{\"@id\":\"https:\\\/\\\/casal.sjdigitaldemo.ovh\\\/es\\\/#breadcrumb\"},\"inLanguage\":\"es\",\"potentialAction\":[{\"@type\":\"ReadAction\",\"target\":[\"https:\\\/\\\/casal.sjdigitaldemo.ovh\\\/es\\\/\"]}]},{\"@type\":\"BreadcrumbList\",\"@id\":\"https:\\\/\\\/casal.sjdigitaldemo.ovh\\\/es\\\/#breadcrumb\",\"itemListElement\":[{\"@type\":\"ListItem\",\"position\":1,\"name\":\"Portada\",\"item\":\"https:\\\/\\\/casal.sjdigitaldemo.ovh\\\/es\\\/\"},{\"@type\":\"ListItem\",\"position\":2,\"name\":\"Casal Loiola\"}]},{\"@type\":\"WebSite\",\"@id\":\"https:\\\/\\\/casal.sjdigitaldemo.ovh\\\/es\\\/#website\",\"url\":\"https:\\\/\\\/casal.sjdigitaldemo.ovh\\\/es\\\/\",\"name\":\"Casal Loiola\",\"description\":\"\",\"potentialAction\":[{\"@type\":\"SearchAction\",\"target\":{\"@type\":\"EntryPoint\",\"urlTemplate\":\"https:\\\/\\\/casal.sjdigitaldemo.ovh\\\/es\\\/?s={search_term_string}\"},\"query-input\":{\"@type\":\"PropertyValueSpecification\",\"valueRequired\":true,\"valueName\":\"search_term_string\"}}],\"inLanguage\":\"es\"}]}<\/script>\n<!-- \/ Yoast SEO plugin. -->","yoast_head_json":{"title":"Casal Loiola - Casal Loiola","robots":{"index":"noindex","follow":"follow","max-snippet":"max-snippet:-1","max-image-preview":"max-image-preview:large","max-video-preview":"max-video-preview:-1"},"og_locale":"es_ES","og_type":"article","og_title":"Casal Loiola - Casal Loiola","og_description":"Un espacio de crecimiento humano y espiritual para la construcci\u00f3n de una sociedad m\u00e1s justa Arraigados en la fe, sembradores de justicia y pazCasal Loyola Calle de Balmes 138, 08008, Barcelona +34 93 415 64 34 info@casalloiola.orgHorariosMa\u00f1anas lunes a viernes de 9:00 a 14:00 h Tardes lunes a viernes de 17:00 a 22:00 h [&hellip;]","og_url":"https:\/\/casal.sjdigitaldemo.ovh\/es\/","og_site_name":"Casal Loiola","article_modified_time":"2026-04-14T10:24:17+00:00","twitter_card":"summary_large_image","twitter_misc":{"Tiempo de lectura":"7 minutos"},"schema":{"@context":"https:\/\/schema.org","@graph":[{"@type":"WebPage","@id":"https:\/\/casal.sjdigitaldemo.ovh\/es\/","url":"https:\/\/casal.sjdigitaldemo.ovh\/es\/","name":"Casal Loiola - Casal Loiola","isPartOf":{"@id":"https:\/\/casal.sjdigitaldemo.ovh\/es\/#website"},"datePublished":"2022-01-12T12:06:39+00:00","dateModified":"2026-04-14T10:24:17+00:00","breadcrumb":{"@id":"https:\/\/casal.sjdigitaldemo.ovh\/es\/#breadcrumb"},"inLanguage":"es","potentialAction":[{"@type":"ReadAction","target":["https:\/\/casal.sjdigitaldemo.ovh\/es\/"]}]},{"@type":"BreadcrumbList","@id":"https:\/\/casal.sjdigitaldemo.ovh\/es\/#breadcrumb","itemListElement":[{"@type":"ListItem","position":1,"name":"Portada","item":"https:\/\/casal.sjdigitaldemo.ovh\/es\/"},{"@type":"ListItem","position":2,"name":"Casal Loiola"}]},{"@type":"WebSite","@id":"https:\/\/casal.sjdigitaldemo.ovh\/es\/#website","url":"https:\/\/casal.sjdigitaldemo.ovh\/es\/","name":"Casal Loiola","description":"","potentialAction":[{"@type":"SearchAction","target":{"@type":"EntryPoint","urlTemplate":"https:\/\/casal.sjdigitaldemo.ovh\/es\/?s={search_term_string}"},"query-input":{"@type":"PropertyValueSpecification","valueRequired":true,"valueName":"search_term_string"}}],"inLanguage":"es"}]}},"_links":{"self":[{"href":"https:\/\/casal.sjdigitaldemo.ovh\/es\/wp-json\/wp\/v2\/pages\/3532","targetHints":{"allow":["GET"]}}],"collection":[{"href":"https:\/\/casal.sjdigitaldemo.ovh\/es\/wp-json\/wp\/v2\/pages"}],"about":[{"href":"https:\/\/casal.sjdigitaldemo.ovh\/es\/wp-json\/wp\/v2\/types\/page"}],"author":[{"embeddable":true,"href":"https:\/\/casal.sjdigitaldemo.ovh\/es\/wp-json\/wp\/v2\/users\/1"}],"replies":[{"embeddable":true,"href":"https:\/\/casal.sjdigitaldemo.ovh\/es\/wp-json\/wp\/v2\/comments?post=3532"}],"version-history":[{"count":12,"href":"https:\/\/casal.sjdigitaldemo.ovh\/es\/wp-json\/wp\/v2\/pages\/3532\/revisions"}],"predecessor-version":[{"id":3786,"href":"https:\/\/casal.sjdigitaldemo.ovh\/es\/wp-json\/wp\/v2\/pages\/3532\/revisions\/3786"}],"wp:attachment":[{"href":"https:\/\/casal.sjdigitaldemo.ovh\/es\/wp-json\/wp\/v2\/media?parent=3532"}],"curies":[{"name":"wp","href":"https:\/\/api.w.org\/{rel}","templated":true}]}}